{"id":29,"date":"2024-08-29T12:23:37","date_gmt":"2024-08-29T10:23:37","guid":{"rendered":"https:\/\/aigreuretraison.fr\/?page_id=29"},"modified":"2024-09-29T17:38:17","modified_gmt":"2024-09-29T15:38:17","slug":"critiques-films","status":"publish","type":"page","link":"https:\/\/aigreuretraison.fr\/index.php\/critiques-films\/","title":{"rendered":"Critiques Films"},"content":{"rendered":"\n<p><\/p>\n\n\n\n<ul class=\"display-posts-listing\"><li class=\"listing-item\"><a class=\"image\" href=\"https:\/\/aigreuretraison.fr\/index.php\/2026\/03\/10\/wall-e\/\"><img loading=\"lazy\" decoding=\"async\" width=\"150\" height=\"150\" src=\"https:\/\/aigreuretraison.fr\/wp-content\/uploads\/2026\/03\/1200x680-150x150.jpg\" class=\"attachment-thumbnail size-thumbnail wp-post-image\" alt=\"\" data-attachment-id=\"97\" data-permalink=\"https:\/\/aigreuretraison.fr\/index.php\/2026\/03\/10\/wall-e\/1200x680\/\" data-orig-file=\"https:\/\/aigreuretraison.fr\/wp-content\/uploads\/2026\/03\/1200x680.jpg\" data-orig-size=\"1200,680\" data-comments-opened=\"0\" data-image-meta=\"{&quot;aperture&quot;:&quot;0&quot;,&quot;credit&quot;:&quot;&quot;,&quot;camera&quot;:&quot;&quot;,&quot;caption&quot;:&quot;&quot;,&quot;created_timestamp&quot;:&quot;0&quot;,&quot;copyright&quot;:&quot;&quot;,&quot;focal_length&quot;:&quot;0&quot;,&quot;iso&quot;:&quot;0&quot;,&quot;shutter_speed&quot;:&quot;0&quot;,&quot;title&quot;:&quot;&quot;,&quot;orientation&quot;:&quot;0&quot;}\" data-image-title=\"Wall-E\" data-image-description=\"\" data-image-caption=\"\" data-medium-file=\"https:\/\/aigreuretraison.fr\/wp-content\/uploads\/2026\/03\/1200x680-300x170.jpg\" data-large-file=\"https:\/\/aigreuretraison.fr\/wp-content\/uploads\/2026\/03\/1200x680-1024x580.jpg\" \/><\/a> <a class=\"title\" href=\"https:\/\/aigreuretraison.fr\/index.php\/2026\/03\/10\/wall-e\/\">Wall-E<\/a><\/li><li class=\"listing-item\"><a class=\"image\" href=\"https:\/\/aigreuretraison.fr\/index.php\/2025\/11\/09\/star-wars-episode-iii-la-revanche-des-sith\/\"><img loading=\"lazy\" decoding=\"async\" width=\"150\" height=\"150\" src=\"https:\/\/aigreuretraison.fr\/wp-content\/uploads\/2025\/11\/official-20th-anniversary-poster-for-star-wars-episode-iii-v0-keaxfxiu5ble1-150x150.webp\" class=\"attachment-thumbnail size-thumbnail wp-post-image\" alt=\"\" data-attachment-id=\"89\" data-permalink=\"https:\/\/aigreuretraison.fr\/index.php\/2025\/11\/09\/star-wars-episode-iii-la-revanche-des-sith\/official-20th-anniversary-poster-for-star-wars-episode-iii-v0-keaxfxiu5ble1\/\" data-orig-file=\"https:\/\/aigreuretraison.fr\/wp-content\/uploads\/2025\/11\/official-20th-anniversary-poster-for-star-wars-episode-iii-v0-keaxfxiu5ble1.webp\" data-orig-size=\"1080,1600\" data-comments-opened=\"0\" data-image-meta=\"{&quot;aperture&quot;:&quot;0&quot;,&quot;credit&quot;:&quot;&quot;,&quot;camera&quot;:&quot;&quot;,&quot;caption&quot;:&quot;&quot;,&quot;created_timestamp&quot;:&quot;0&quot;,&quot;copyright&quot;:&quot;&quot;,&quot;focal_length&quot;:&quot;0&quot;,&quot;iso&quot;:&quot;0&quot;,&quot;shutter_speed&quot;:&quot;0&quot;,&quot;title&quot;:&quot;&quot;,&quot;orientation&quot;:&quot;0&quot;}\" data-image-title=\"official-20th-anniversary-poster-for-star-wars-episode-iii-v0-keaxfxiu5ble1\" data-image-description=\"\" data-image-caption=\"\" data-medium-file=\"https:\/\/aigreuretraison.fr\/wp-content\/uploads\/2025\/11\/official-20th-anniversary-poster-for-star-wars-episode-iii-v0-keaxfxiu5ble1-203x300.webp\" data-large-file=\"https:\/\/aigreuretraison.fr\/wp-content\/uploads\/2025\/11\/official-20th-anniversary-poster-for-star-wars-episode-iii-v0-keaxfxiu5ble1-691x1024.webp\" \/><\/a> <a class=\"title\" href=\"https:\/\/aigreuretraison.fr\/index.php\/2025\/11\/09\/star-wars-episode-iii-la-revanche-des-sith\/\">Star Wars, \u00e9pisode III : La Revanche des Sith<\/a><\/li><li class=\"listing-item\"><a class=\"image\" href=\"https:\/\/aigreuretraison.fr\/index.php\/2025\/07\/16\/star-wars-episode-ii-lattaque-des-clones\/\"><img loading=\"lazy\" decoding=\"async\" width=\"150\" height=\"150\" src=\"https:\/\/aigreuretraison.fr\/wp-content\/uploads\/2025\/07\/715aZ-gZP1L-150x150.jpg\" class=\"attachment-thumbnail size-thumbnail wp-post-image\" alt=\"Affiche L&#039;Attaque des Clones\" data-attachment-id=\"62\" data-permalink=\"https:\/\/aigreuretraison.fr\/index.php\/2025\/07\/16\/star-wars-episode-ii-lattaque-des-clones\/715az-gzp1l\/\" data-orig-file=\"https:\/\/aigreuretraison.fr\/wp-content\/uploads\/2025\/07\/715aZ-gZP1L.jpg\" data-orig-size=\"800,1200\" data-comments-opened=\"0\" data-image-meta=\"{&quot;aperture&quot;:&quot;0&quot;,&quot;credit&quot;:&quot;&quot;,&quot;camera&quot;:&quot;&quot;,&quot;caption&quot;:&quot;&quot;,&quot;created_timestamp&quot;:&quot;0&quot;,&quot;copyright&quot;:&quot;&quot;,&quot;focal_length&quot;:&quot;0&quot;,&quot;iso&quot;:&quot;0&quot;,&quot;shutter_speed&quot;:&quot;0&quot;,&quot;title&quot;:&quot;&quot;,&quot;orientation&quot;:&quot;0&quot;}\" data-image-title=\"715aZ-gZP1L\" data-image-description=\"\" data-image-caption=\"\" data-medium-file=\"https:\/\/aigreuretraison.fr\/wp-content\/uploads\/2025\/07\/715aZ-gZP1L-200x300.jpg\" data-large-file=\"https:\/\/aigreuretraison.fr\/wp-content\/uploads\/2025\/07\/715aZ-gZP1L-683x1024.jpg\" \/><\/a> <a class=\"title\" href=\"https:\/\/aigreuretraison.fr\/index.php\/2025\/07\/16\/star-wars-episode-ii-lattaque-des-clones\/\">Star Wars, \u00e9pisode II : L&rsquo;Attaque des clones<\/a><\/li><li class=\"listing-item\"><a class=\"image\" href=\"https:\/\/aigreuretraison.fr\/index.php\/2024\/09\/04\/star-wars-episode-1-la-menace-fantome\/\"><img loading=\"lazy\" decoding=\"async\" width=\"150\" height=\"150\" src=\"https:\/\/aigreuretraison.fr\/wp-content\/uploads\/2024\/08\/0585421-150x150.webp\" class=\"attachment-thumbnail size-thumbnail wp-post-image\" alt=\"\" data-attachment-id=\"31\" data-permalink=\"https:\/\/aigreuretraison.fr\/index.php\/2024\/09\/04\/star-wars-episode-1-la-menace-fantome\/attachment\/0585421\/\" data-orig-file=\"https:\/\/aigreuretraison.fr\/wp-content\/uploads\/2024\/08\/0585421.webp\" data-orig-size=\"1013,1500\" data-comments-opened=\"1\" data-image-meta=\"{&quot;aperture&quot;:&quot;0&quot;,&quot;credit&quot;:&quot;&quot;,&quot;camera&quot;:&quot;&quot;,&quot;caption&quot;:&quot;&quot;,&quot;created_timestamp&quot;:&quot;0&quot;,&quot;copyright&quot;:&quot;&quot;,&quot;focal_length&quot;:&quot;0&quot;,&quot;iso&quot;:&quot;0&quot;,&quot;shutter_speed&quot;:&quot;0&quot;,&quot;title&quot;:&quot;&quot;,&quot;orientation&quot;:&quot;0&quot;}\" data-image-title=\"0585421\" data-image-description=\"\" data-image-caption=\"\" data-medium-file=\"https:\/\/aigreuretraison.fr\/wp-content\/uploads\/2024\/08\/0585421-203x300.webp\" data-large-file=\"https:\/\/aigreuretraison.fr\/wp-content\/uploads\/2024\/08\/0585421-692x1024.webp\" \/><\/a> <a class=\"title\" href=\"https:\/\/aigreuretraison.fr\/index.php\/2024\/09\/04\/star-wars-episode-1-la-menace-fantome\/\">Star Wars Episode 1: La menace fant\u00f4me<\/a><\/li><\/ul>\n\n\n\n<p><\/p>\n","protected":false},"excerpt":{"rendered":"","protected":false},"author":1,"featured_media":0,"parent":0,"menu_order":0,"comment_status":"closed","ping_status":"closed","template":"","meta":{"jetpack_post_was_ever_published":false,"footnotes":""},"class_list":["post-29","page","type-page","status-publish","hentry"],"yoast_head":"<!-- This site is optimized with the Yoast SEO plugin v27.2 - https:\/\/yoast.com\/product\/yoast-seo-wordpress\/ -->\n<title>Critiques Films - Aigreur et Raison<\/title>\n<meta name=\"description\" content=\"C&#039;est ici pour les critiques de films. La mauvaise foi y r\u00e8gne en ma\u00eetre mais jamais le mauvais go\u00fbt, soyez-en assur\u00e9.\" \/>\n<meta name=\"robots\" content=\"index, follow, max-snippet:-1, max-image-preview:large, max-video-preview:-1\" \/>\n<link rel=\"canonical\" href=\"https:\/\/aigreuretraison.fr\/index.php\/critiques-films\/\" \/>\n<meta property=\"og:locale\" content=\"fr_FR\" \/>\n<meta property=\"og:type\" content=\"article\" \/>\n<meta property=\"og:title\" content=\"Critiques Films - Aigreur et Raison\" \/>\n<meta property=\"og:description\" content=\"C&#039;est ici pour les critiques de films. La mauvaise foi y r\u00e8gne en ma\u00eetre mais jamais le mauvais go\u00fbt, soyez-en assur\u00e9.\" \/>\n<meta property=\"og:url\" content=\"https:\/\/aigreuretraison.fr\/index.php\/critiques-films\/\" \/>\n<meta property=\"og:site_name\" content=\"Aigreur et Raison\" \/>\n<meta property=\"article:publisher\" content=\"https:\/\/www.facebook.com\/profile.php?id=61583670700610\" \/>\n<meta property=\"article:modified_time\" content=\"2024-09-29T15:38:17+00:00\" \/>\n<meta name=\"twitter:card\" content=\"summary_large_image\" \/>\n<meta name=\"twitter:label1\" content=\"Dur\u00e9e de lecture estim\u00e9e\" \/>\n\t<meta name=\"twitter:data1\" content=\"1 minute\" \/>\n<script type=\"application\/ld+json\" class=\"yoast-schema-graph\">{\"@context\":\"https:\/\/schema.org\",\"@graph\":[{\"@type\":\"WebPage\",\"@id\":\"https:\/\/aigreuretraison.fr\/index.php\/critiques-films\/\",\"url\":\"https:\/\/aigreuretraison.fr\/index.php\/critiques-films\/\",\"name\":\"Critiques Films - Aigreur et Raison\",\"isPartOf\":{\"@id\":\"https:\/\/aigreuretraison.fr\/#website\"},\"datePublished\":\"2024-08-29T10:23:37+00:00\",\"dateModified\":\"2024-09-29T15:38:17+00:00\",\"description\":\"C'est ici pour les critiques de films. La mauvaise foi y r\u00e8gne en ma\u00eetre mais jamais le mauvais go\u00fbt, soyez-en assur\u00e9.\",\"breadcrumb\":{\"@id\":\"https:\/\/aigreuretraison.fr\/index.php\/critiques-films\/#breadcrumb\"},\"inLanguage\":\"fr-FR\",\"potentialAction\":[{\"@type\":\"ReadAction\",\"target\":[\"https:\/\/aigreuretraison.fr\/index.php\/critiques-films\/\"]}]},{\"@type\":\"BreadcrumbList\",\"@id\":\"https:\/\/aigreuretraison.fr\/index.php\/critiques-films\/#breadcrumb\",\"itemListElement\":[{\"@type\":\"ListItem\",\"position\":1,\"name\":\"Accueil\",\"item\":\"https:\/\/aigreuretraison.fr\/\"},{\"@type\":\"ListItem\",\"position\":2,\"name\":\"Critiques Films\"}]},{\"@type\":\"WebSite\",\"@id\":\"https:\/\/aigreuretraison.fr\/#website\",\"url\":\"https:\/\/aigreuretraison.fr\/\",\"name\":\"Aigreur et Raison\",\"description\":\"Critiques cin\u00e9ma et t\u00e9l\u00e9vision\",\"publisher\":{\"@id\":\"https:\/\/aigreuretraison.fr\/#organization\"},\"potentialAction\":[{\"@type\":\"SearchAction\",\"target\":{\"@type\":\"EntryPoint\",\"urlTemplate\":\"https:\/\/aigreuretraison.fr\/?s={search_term_string}\"},\"query-input\":{\"@type\":\"PropertyValueSpecification\",\"valueRequired\":true,\"valueName\":\"search_term_string\"}}],\"inLanguage\":\"fr-FR\"},{\"@type\":\"Organization\",\"@id\":\"https:\/\/aigreuretraison.fr\/#organization\",\"name\":\"Aigreur et Raison\",\"url\":\"https:\/\/aigreuretraison.fr\/\",\"logo\":{\"@type\":\"ImageObject\",\"inLanguage\":\"fr-FR\",\"@id\":\"https:\/\/aigreuretraison.fr\/#\/schema\/logo\/image\/\",\"url\":\"https:\/\/aigreuretraison.fr\/wp-content\/uploads\/2023\/11\/cropped-logo-1.png\",\"contentUrl\":\"https:\/\/aigreuretraison.fr\/wp-content\/uploads\/2023\/11\/cropped-logo-1.png\",\"width\":1409,\"height\":679,\"caption\":\"Aigreur et Raison\"},\"image\":{\"@id\":\"https:\/\/aigreuretraison.fr\/#\/schema\/logo\/image\/\"},\"sameAs\":[\"https:\/\/www.facebook.com\/profile.php?id=61583670700610\"]}]}<\/script>\n<!-- \/ Yoast SEO plugin. -->","yoast_head_json":{"title":"Critiques Films - Aigreur et Raison","description":"C'est ici pour les critiques de films. La mauvaise foi y r\u00e8gne en ma\u00eetre mais jamais le mauvais go\u00fbt, soyez-en assur\u00e9.","robots":{"index":"index","follow":"follow","max-snippet":"max-snippet:-1","max-image-preview":"max-image-preview:large","max-video-preview":"max-video-preview:-1"},"canonical":"https:\/\/aigreuretraison.fr\/index.php\/critiques-films\/","og_locale":"fr_FR","og_type":"article","og_title":"Critiques Films - Aigreur et Raison","og_description":"C'est ici pour les critiques de films. La mauvaise foi y r\u00e8gne en ma\u00eetre mais jamais le mauvais go\u00fbt, soyez-en assur\u00e9.","og_url":"https:\/\/aigreuretraison.fr\/index.php\/critiques-films\/","og_site_name":"Aigreur et Raison","article_publisher":"https:\/\/www.facebook.com\/profile.php?id=61583670700610","article_modified_time":"2024-09-29T15:38:17+00:00","twitter_card":"summary_large_image","twitter_misc":{"Dur\u00e9e de lecture estim\u00e9e":"1 minute"},"schema":{"@context":"https:\/\/schema.org","@graph":[{"@type":"WebPage","@id":"https:\/\/aigreuretraison.fr\/index.php\/critiques-films\/","url":"https:\/\/aigreuretraison.fr\/index.php\/critiques-films\/","name":"Critiques Films - Aigreur et Raison","isPartOf":{"@id":"https:\/\/aigreuretraison.fr\/#website"},"datePublished":"2024-08-29T10:23:37+00:00","dateModified":"2024-09-29T15:38:17+00:00","description":"C'est ici pour les critiques de films. La mauvaise foi y r\u00e8gne en ma\u00eetre mais jamais le mauvais go\u00fbt, soyez-en assur\u00e9.","breadcrumb":{"@id":"https:\/\/aigreuretraison.fr\/index.php\/critiques-films\/#breadcrumb"},"inLanguage":"fr-FR","potentialAction":[{"@type":"ReadAction","target":["https:\/\/aigreuretraison.fr\/index.php\/critiques-films\/"]}]},{"@type":"BreadcrumbList","@id":"https:\/\/aigreuretraison.fr\/index.php\/critiques-films\/#breadcrumb","itemListElement":[{"@type":"ListItem","position":1,"name":"Accueil","item":"https:\/\/aigreuretraison.fr\/"},{"@type":"ListItem","position":2,"name":"Critiques Films"}]},{"@type":"WebSite","@id":"https:\/\/aigreuretraison.fr\/#website","url":"https:\/\/aigreuretraison.fr\/","name":"Aigreur et Raison","description":"Critiques cin\u00e9ma et t\u00e9l\u00e9vision","publisher":{"@id":"https:\/\/aigreuretraison.fr\/#organization"},"potentialAction":[{"@type":"SearchAction","target":{"@type":"EntryPoint","urlTemplate":"https:\/\/aigreuretraison.fr\/?s={search_term_string}"},"query-input":{"@type":"PropertyValueSpecification","valueRequired":true,"valueName":"search_term_string"}}],"inLanguage":"fr-FR"},{"@type":"Organization","@id":"https:\/\/aigreuretraison.fr\/#organization","name":"Aigreur et Raison","url":"https:\/\/aigreuretraison.fr\/","logo":{"@type":"ImageObject","inLanguage":"fr-FR","@id":"https:\/\/aigreuretraison.fr\/#\/schema\/logo\/image\/","url":"https:\/\/aigreuretraison.fr\/wp-content\/uploads\/2023\/11\/cropped-logo-1.png","contentUrl":"https:\/\/aigreuretraison.fr\/wp-content\/uploads\/2023\/11\/cropped-logo-1.png","width":1409,"height":679,"caption":"Aigreur et Raison"},"image":{"@id":"https:\/\/aigreuretraison.fr\/#\/schema\/logo\/image\/"},"sameAs":["https:\/\/www.facebook.com\/profile.php?id=61583670700610"]}]}},"jetpack_sharing_enabled":true,"jetpack_likes_enabled":true,"jetpack_shortlink":"https:\/\/wp.me\/Pg1qF2-t","_links":{"self":[{"href":"https:\/\/aigreuretraison.fr\/index.php\/wp-json\/wp\/v2\/pages\/29","targetHints":{"allow":["GET"]}}],"collection":[{"href":"https:\/\/aigreuretraison.fr\/index.php\/wp-json\/wp\/v2\/pages"}],"about":[{"href":"https:\/\/aigreuretraison.fr\/index.php\/wp-json\/wp\/v2\/types\/page"}],"author":[{"embeddable":true,"href":"https:\/\/aigreuretraison.fr\/index.php\/wp-json\/wp\/v2\/users\/1"}],"replies":[{"embeddable":true,"href":"https:\/\/aigreuretraison.fr\/index.php\/wp-json\/wp\/v2\/comments?post=29"}],"version-history":[{"count":8,"href":"https:\/\/aigreuretraison.fr\/index.php\/wp-json\/wp\/v2\/pages\/29\/revisions"}],"predecessor-version":[{"id":48,"href":"https:\/\/aigreuretraison.fr\/index.php\/wp-json\/wp\/v2\/pages\/29\/revisions\/48"}],"wp:attachment":[{"href":"https:\/\/aigreuretraison.fr\/index.php\/wp-json\/wp\/v2\/media?parent=29"}],"curies":[{"name":"wp","href":"https:\/\/api.w.org\/{rel}","templated":true}]}}